{"id":93,"date":"2023-10-27T18:05:15","date_gmt":"2023-10-27T18:05:15","guid":{"rendered":"https:\/\/ebenac.com\/?page_id=93"},"modified":"2023-12-20T13:46:45","modified_gmt":"2023-12-20T18:46:45","slug":"bon-ajustement","status":"publish","type":"page","link":"https:\/\/ebenac.com\/en\/bon-ajustement\/","title":{"rendered":"Good adjustment"},"content":{"rendered":"<div class=\"fusion-fullwidth fullwidth-box fusion-builder-row-1 fusion-flex-container has-pattern-background has-mask-background hundred-percent-fullwidth non-hundred-percent-height-scrolling\" style=\"--awb-border-radius-top-left:0px;--awb-border-radius-top-right:0px;--awb-border-radius-bottom-right:0px;--awb-border-radius-bottom-left:0px;--awb-flex-wrap:wrap;\" ><div class=\"fusion-builder-row fusion-row fusion-flex-align-items-flex-start fusion-flex-content-wrap\" style=\"width:calc( 100% + 40px ) !important;max-width:calc( 100% + 40px ) !important;margin-left: calc(-40px \/ 2 );margin-right: calc(-40px \/ 2 );\"><div class=\"fusion-layout-column fusion_builder_column fusion-builder-column-0 fusion_builder_column_1_1 1_1 fusion-flex-column\" style=\"--awb-bg-size:cover;--awb-width-large:100%;--awb-margin-top-large:0px;--awb-spacing-right-large:20px;--awb-margin-bottom-large:20px;--awb-spacing-left-large:20px;--awb-width-medium:100%;--awb-order-medium:0;--awb-spacing-right-medium:20px;--awb-spacing-left-medium:20px;--awb-width-small:100%;--awb-order-small:0;--awb-spacing-right-small:20px;--awb-spacing-left-small:20px;\"><div class=\"fusion-column-wrapper fusion-column-has-shadow fusion-flex-justify-content-flex-start fusion-content-layout-column\"><div class=\"fusion-title title fusion-title-1 fusion-sep-none fusion-title-center fusion-title-text fusion-title-size-two\" style=\"--awb-font-size:var(--awb-typography1-font-size);\"><h2 class=\"fusion-title-heading title-heading-center\" style=\"font-family:var(--awb-typography1-font-family);font-weight:var(--awb-typography1-font-weight);font-style:var(--awb-typography1-font-style);margin:0;letter-spacing:var(--awb-typography1-letter-spacing);text-transform:var(--awb-typography1-text-transform);font-size:1em;line-height:var(--awb-typography1-line-height);\">Comparison between a good and a bad fit<\/h2><\/div><div class=\"fusion-text fusion-text-1\" style=\"--awb-text-color:var(--awb-color6);\"><p style=\"text-align: center;\" class=\"translation-block\">Crossbars should be placed <strong>as close as possible<\/strong> to the seat and footrest.<\/p>\n<\/div><\/div><\/div><div class=\"fusion-layout-column fusion_builder_column fusion-builder-column-1 fusion_builder_column_1_2 1_2 fusion-flex-column fusion-flex-align-self-stretch\" style=\"--awb-bg-size:cover;--awb-width-large:50%;--awb-margin-top-large:0px;--awb-spacing-right-large:20px;--awb-margin-bottom-large:20px;--awb-spacing-left-large:20px;--awb-width-medium:50%;--awb-order-medium:0;--awb-spacing-right-medium:20px;--awb-spacing-left-medium:20px;--awb-width-small:50%;--awb-order-small:0;--awb-spacing-right-small:20px;--awb-spacing-left-small:20px;\"><div class=\"fusion-column-wrapper fusion-column-has-shadow fusion-flex-justify-content-space-between fusion-content-layout-column\"><div class=\"fusion-text fusion-text-2\" style=\"--awb-content-alignment:center;--awb-font-size:var(--awb-typography2-font-size);--awb-line-height:var(--awb-typography2-line-height);--awb-letter-spacing:var(--awb-typography2-letter-spacing);--awb-text-transform:var(--awb-typography2-text-transform);--awb-text-font-family:var(--awb-typography2-font-family);--awb-text-font-weight:var(--awb-typography2-font-weight);--awb-text-font-style:var(--awb-typography2-font-style);\"><p id=\"4\">Good adjustment<\/p>\n<\/div><div class=\"fusion-image-element\" style=\"text-align:center;--awb-max-width:770px;--awb-caption-title-font-family:var(--h2_typography-font-family);--awb-caption-title-font-weight:var(--h2_typography-font-weight);--awb-caption-title-font-style:var(--h2_typography-font-style);--awb-caption-title-size:var(--h2_typography-font-size);--awb-caption-title-transform:var(--h2_typography-text-transform);--awb-caption-title-line-height:var(--h2_typography-line-height);--awb-caption-title-letter-spacing:var(--h2_typography-letter-spacing);\"><span class=\"fusion-imageframe imageframe-none imageframe-1 hover-type-none\"><img decoding=\"async\" width=\"768\" height=\"1024\" alt=\"\u00c9B\u00c9NAC chaises Bon ajustement\" title=\"\u00c9B\u00c9NAC chaises Bon ajustement\" src=\"https:\/\/ebenac.com\/wp-content\/uploads\/2023\/12\/EBENAC-chaises-Bon-ajustement-768x1024.webp\" class=\"img-responsive wp-image-943\" srcset=\"https:\/\/ebenac.com\/wp-content\/uploads\/2023\/12\/EBENAC-chaises-Bon-ajustement-200x267.webp 200w, https:\/\/ebenac.com\/wp-content\/uploads\/2023\/12\/EBENAC-chaises-Bon-ajustement-400x533.webp 400w, https:\/\/ebenac.com\/wp-content\/uploads\/2023\/12\/EBENAC-chaises-Bon-ajustement-600x800.webp 600w, https:\/\/ebenac.com\/wp-content\/uploads\/2023\/12\/EBENAC-chaises-Bon-ajustement-800x1067.webp 800w, https:\/\/ebenac.com\/wp-content\/uploads\/2023\/12\/EBENAC-chaises-Bon-ajustement.webp 960w\" sizes=\"(max-width: 640px) 100vw, 600px\" \/><\/span><\/div><\/div><\/div><div class=\"fusion-layout-column fusion_builder_column fusion-builder-column-2 fusion_builder_column_1_2 1_2 fusion-flex-column fusion-flex-align-self-stretch\" style=\"--awb-bg-size:cover;--awb-width-large:50%;--awb-margin-top-large:0px;--awb-spacing-right-large:20px;--awb-margin-bottom-large:20px;--awb-spacing-left-large:20px;--awb-width-medium:50%;--awb-order-medium:0;--awb-spacing-right-medium:20px;--awb-spacing-left-medium:20px;--awb-width-small:50%;--awb-order-small:0;--awb-spacing-right-small:20px;--awb-spacing-left-small:20px;\"><div class=\"fusion-column-wrapper fusion-column-has-shadow fusion-flex-justify-content-space-between fusion-content-layout-column\"><div class=\"fusion-text fusion-text-3\" style=\"--awb-content-alignment:center;--awb-font-size:var(--awb-typography2-font-size);--awb-line-height:var(--awb-typography2-line-height);--awb-letter-spacing:var(--awb-typography2-letter-spacing);--awb-text-transform:var(--awb-typography2-text-transform);--awb-text-font-family:var(--awb-typography2-font-family);--awb-text-font-weight:var(--awb-typography2-font-weight);--awb-text-font-style:var(--awb-typography2-font-style);\"><p id=\"4\">Incorrect adjustment<\/p>\n<\/div><div class=\"fusion-image-element\" style=\"text-align:center;--awb-max-width:770px;--awb-caption-title-font-family:var(--h2_typography-font-family);--awb-caption-title-font-weight:var(--h2_typography-font-weight);--awb-caption-title-font-style:var(--h2_typography-font-style);--awb-caption-title-size:var(--h2_typography-font-size);--awb-caption-title-transform:var(--h2_typography-text-transform);--awb-caption-title-line-height:var(--h2_typography-line-height);--awb-caption-title-letter-spacing:var(--h2_typography-letter-spacing);\"><span class=\"fusion-imageframe imageframe-none imageframe-2 hover-type-none\"><img decoding=\"async\" width=\"1536\" height=\"2048\" alt=\"\u00c9B\u00c9NAC chaises Mauvais ajustement\" title=\"\u00c9B\u00c9NAC chaises Mauvais ajustement\" src=\"https:\/\/ebenac.com\/wp-content\/uploads\/2023\/12\/EBENAC-chaises-Mauvais-ajustement.jpg\" class=\"img-responsive wp-image-958\" srcset=\"https:\/\/ebenac.com\/wp-content\/uploads\/2023\/12\/EBENAC-chaises-Mauvais-ajustement-200x267.jpg 200w, https:\/\/ebenac.com\/wp-content\/uploads\/2023\/12\/EBENAC-chaises-Mauvais-ajustement-400x533.jpg 400w, https:\/\/ebenac.com\/wp-content\/uploads\/2023\/12\/EBENAC-chaises-Mauvais-ajustement-600x800.jpg 600w, https:\/\/ebenac.com\/wp-content\/uploads\/2023\/12\/EBENAC-chaises-Mauvais-ajustement-800x1067.jpg 800w, https:\/\/ebenac.com\/wp-content\/uploads\/2023\/12\/EBENAC-chaises-Mauvais-ajustement-1200x1600.jpg 1200w, https:\/\/ebenac.com\/wp-content\/uploads\/2023\/12\/EBENAC-chaises-Mauvais-ajustement.jpg 1536w\" sizes=\"(max-width: 640px) 100vw, 600px\" \/><\/span><\/div><\/div><\/div><\/div><\/div>","protected":false},"excerpt":{"rendered":"","protected":false},"author":1,"featured_media":1093,"parent":0,"menu_order":0,"comment_status":"closed","ping_status":"closed","template":"100-width.php","meta":{"_acf_changed":false,"footnotes":""},"class_list":["post-93","page","type-page","status-publish","has-post-thumbnail","hentry"],"acf":[],"yoast_head":"<!-- This site is optimized with the Yoast SEO plugin v26.4 - https:\/\/yoast.com\/wordpress\/plugins\/seo\/ -->\n<title>Bon ajustement - \u00c9B\u00c9NAC<\/title>\n<meta name=\"description\" content=\"Comparaison entre un bon et un mauvais ajustement des barres transversales pour la chaise \u00c9B\u00c9NAC.\" \/>\n<meta name=\"robots\" content=\"index, follow, max-snippet:-1, max-image-preview:large, max-video-preview:-1\" \/>\n<link rel=\"canonical\" href=\"https:\/\/ebenac.com\/en\/bon-ajustement\/\" \/>\n<meta property=\"og:locale\" content=\"en_US\" \/>\n<meta property=\"og:type\" content=\"article\" \/>\n<meta property=\"og:title\" content=\"Bon ajustement - \u00c9B\u00c9NAC\" \/>\n<meta property=\"og:description\" content=\"Comparaison entre un bon et un mauvais ajustement des barres transversales pour la chaise \u00c9B\u00c9NAC.\" \/>\n<meta property=\"og:url\" content=\"https:\/\/ebenac.com\/en\/bon-ajustement\/\" \/>\n<meta property=\"og:site_name\" content=\"\u00c9B\u00c9NAC\" \/>\n<meta property=\"article:modified_time\" content=\"2023-12-20T18:46:45+00:00\" \/>\n<meta property=\"og:image\" content=\"https:\/\/ebenac.com\/wp-content\/uploads\/2023\/12\/EBENAC-image-sociale-Bon-ajustement.jpg\" \/>\n\t<meta property=\"og:image:width\" content=\"1200\" \/>\n\t<meta property=\"og:image:height\" content=\"675\" \/>\n\t<meta property=\"og:image:type\" content=\"image\/jpeg\" \/>\n<meta name=\"twitter:card\" content=\"summary_large_image\" \/>\n<meta name=\"twitter:label1\" content=\"Est. reading time\" \/>\n\t<meta name=\"twitter:data1\" content=\"1 minute\" \/>\n<script type=\"application\/ld+json\" class=\"yoast-schema-graph\">{\"@context\":\"https:\/\/schema.org\",\"@graph\":[{\"@type\":\"WebPage\",\"@id\":\"https:\/\/ebenac.com\/bon-ajustement\/\",\"url\":\"https:\/\/ebenac.com\/bon-ajustement\/\",\"name\":\"Bon ajustement - \u00c9B\u00c9NAC\",\"isPartOf\":{\"@id\":\"https:\/\/ebenac.com\/#website\"},\"primaryImageOfPage\":{\"@id\":\"https:\/\/ebenac.com\/bon-ajustement\/#primaryimage\"},\"image\":{\"@id\":\"https:\/\/ebenac.com\/bon-ajustement\/#primaryimage\"},\"thumbnailUrl\":\"https:\/\/ebenac.com\/wp-content\/uploads\/2023\/12\/EBENAC-image-sociale-Bon-ajustement.jpg\",\"datePublished\":\"2023-10-27T18:05:15+00:00\",\"dateModified\":\"2023-12-20T18:46:45+00:00\",\"description\":\"Comparaison entre un bon et un mauvais ajustement des barres transversales pour la chaise \u00c9B\u00c9NAC.\",\"breadcrumb\":{\"@id\":\"https:\/\/ebenac.com\/bon-ajustement\/#breadcrumb\"},\"inLanguage\":\"en-CA\",\"potentialAction\":[{\"@type\":\"ReadAction\",\"target\":[\"https:\/\/ebenac.com\/bon-ajustement\/\"]}]},{\"@type\":\"ImageObject\",\"inLanguage\":\"en-CA\",\"@id\":\"https:\/\/ebenac.com\/bon-ajustement\/#primaryimage\",\"url\":\"https:\/\/ebenac.com\/wp-content\/uploads\/2023\/12\/EBENAC-image-sociale-Bon-ajustement.jpg\",\"contentUrl\":\"https:\/\/ebenac.com\/wp-content\/uploads\/2023\/12\/EBENAC-image-sociale-Bon-ajustement.jpg\",\"width\":1200,\"height\":675,\"caption\":\"EBENAC - Bon ajustement\"},{\"@type\":\"BreadcrumbList\",\"@id\":\"https:\/\/ebenac.com\/bon-ajustement\/#breadcrumb\",\"itemListElement\":[{\"@type\":\"ListItem\",\"position\":1,\"name\":\"Accueil\",\"item\":\"https:\/\/ebenac.com\/\"},{\"@type\":\"ListItem\",\"position\":2,\"name\":\"Bon ajustement\"}]},{\"@type\":\"WebSite\",\"@id\":\"https:\/\/ebenac.com\/#website\",\"url\":\"https:\/\/ebenac.com\/\",\"name\":\"\u00c9B\u00c9NAC\",\"description\":\"Par \u00e9b\u00e9nisterie J.Cloutier\",\"publisher\":{\"@id\":\"https:\/\/ebenac.com\/#organization\"},\"potentialAction\":[{\"@type\":\"SearchAction\",\"target\":{\"@type\":\"EntryPoint\",\"urlTemplate\":\"https:\/\/ebenac.com\/?s={search_term_string}\"},\"query-input\":{\"@type\":\"PropertyValueSpecification\",\"valueRequired\":true,\"valueName\":\"search_term_string\"}}],\"inLanguage\":\"en-CA\"},{\"@type\":\"Organization\",\"@id\":\"https:\/\/ebenac.com\/#organization\",\"name\":\"\u00c9B\u00c9NAC par \u00c9b\u00e9nisterie J. Cloutier\",\"alternateName\":\"\u00c9B\u00c9NAC\",\"url\":\"https:\/\/ebenac.com\/\",\"logo\":{\"@type\":\"ImageObject\",\"inLanguage\":\"en-CA\",\"@id\":\"https:\/\/ebenac.com\/#\/schema\/logo\/image\/\",\"url\":\"https:\/\/ebenac.com\/wp-content\/uploads\/2023\/10\/logo-1x-ebenac.png\",\"contentUrl\":\"https:\/\/ebenac.com\/wp-content\/uploads\/2023\/10\/logo-1x-ebenac.png\",\"width\":276,\"height\":201,\"caption\":\"\u00c9B\u00c9NAC par \u00c9b\u00e9nisterie J. Cloutier\"},\"image\":{\"@id\":\"https:\/\/ebenac.com\/#\/schema\/logo\/image\/\"}}]}<\/script>\n<!-- \/ Yoast SEO plugin. -->","yoast_head_json":{"title":"Bon ajustement - \u00c9B\u00c9NAC","description":"Comparaison entre un bon et un mauvais ajustement des barres transversales pour la chaise \u00c9B\u00c9NAC.","robots":{"index":"index","follow":"follow","max-snippet":"max-snippet:-1","max-image-preview":"max-image-preview:large","max-video-preview":"max-video-preview:-1"},"canonical":"https:\/\/ebenac.com\/en\/bon-ajustement\/","og_locale":"en_US","og_type":"article","og_title":"Bon ajustement - \u00c9B\u00c9NAC","og_description":"Comparaison entre un bon et un mauvais ajustement des barres transversales pour la chaise \u00c9B\u00c9NAC.","og_url":"https:\/\/ebenac.com\/en\/bon-ajustement\/","og_site_name":"\u00c9B\u00c9NAC","article_modified_time":"2023-12-20T18:46:45+00:00","og_image":[{"width":1200,"height":675,"url":"https:\/\/ebenac.com\/wp-content\/uploads\/2023\/12\/EBENAC-image-sociale-Bon-ajustement.jpg","type":"image\/jpeg"}],"twitter_card":"summary_large_image","twitter_misc":{"Est. reading time":"1 minute"},"schema":{"@context":"https:\/\/schema.org","@graph":[{"@type":"WebPage","@id":"https:\/\/ebenac.com\/bon-ajustement\/","url":"https:\/\/ebenac.com\/bon-ajustement\/","name":"Bon ajustement - \u00c9B\u00c9NAC","isPartOf":{"@id":"https:\/\/ebenac.com\/#website"},"primaryImageOfPage":{"@id":"https:\/\/ebenac.com\/bon-ajustement\/#primaryimage"},"image":{"@id":"https:\/\/ebenac.com\/bon-ajustement\/#primaryimage"},"thumbnailUrl":"https:\/\/ebenac.com\/wp-content\/uploads\/2023\/12\/EBENAC-image-sociale-Bon-ajustement.jpg","datePublished":"2023-10-27T18:05:15+00:00","dateModified":"2023-12-20T18:46:45+00:00","description":"Comparaison entre un bon et un mauvais ajustement des barres transversales pour la chaise \u00c9B\u00c9NAC.","breadcrumb":{"@id":"https:\/\/ebenac.com\/bon-ajustement\/#breadcrumb"},"inLanguage":"en-CA","potentialAction":[{"@type":"ReadAction","target":["https:\/\/ebenac.com\/bon-ajustement\/"]}]},{"@type":"ImageObject","inLanguage":"en-CA","@id":"https:\/\/ebenac.com\/bon-ajustement\/#primaryimage","url":"https:\/\/ebenac.com\/wp-content\/uploads\/2023\/12\/EBENAC-image-sociale-Bon-ajustement.jpg","contentUrl":"https:\/\/ebenac.com\/wp-content\/uploads\/2023\/12\/EBENAC-image-sociale-Bon-ajustement.jpg","width":1200,"height":675,"caption":"EBENAC - Bon ajustement"},{"@type":"BreadcrumbList","@id":"https:\/\/ebenac.com\/bon-ajustement\/#breadcrumb","itemListElement":[{"@type":"ListItem","position":1,"name":"Accueil","item":"https:\/\/ebenac.com\/"},{"@type":"ListItem","position":2,"name":"Bon ajustement"}]},{"@type":"WebSite","@id":"https:\/\/ebenac.com\/#website","url":"https:\/\/ebenac.com\/","name":"\u00c9B\u00c9NAC","description":"Par \u00e9b\u00e9nisterie J.Cloutier","publisher":{"@id":"https:\/\/ebenac.com\/#organization"},"potentialAction":[{"@type":"SearchAction","target":{"@type":"EntryPoint","urlTemplate":"https:\/\/ebenac.com\/?s={search_term_string}"},"query-input":{"@type":"PropertyValueSpecification","valueRequired":true,"valueName":"search_term_string"}}],"inLanguage":"en-CA"},{"@type":"Organization","@id":"https:\/\/ebenac.com\/#organization","name":"\u00c9B\u00c9NAC par \u00c9b\u00e9nisterie J. Cloutier","alternateName":"\u00c9B\u00c9NAC","url":"https:\/\/ebenac.com\/","logo":{"@type":"ImageObject","inLanguage":"en-CA","@id":"https:\/\/ebenac.com\/#\/schema\/logo\/image\/","url":"https:\/\/ebenac.com\/wp-content\/uploads\/2023\/10\/logo-1x-ebenac.png","contentUrl":"https:\/\/ebenac.com\/wp-content\/uploads\/2023\/10\/logo-1x-ebenac.png","width":276,"height":201,"caption":"\u00c9B\u00c9NAC par \u00c9b\u00e9nisterie J. Cloutier"},"image":{"@id":"https:\/\/ebenac.com\/#\/schema\/logo\/image\/"}}]}},"_links":{"self":[{"href":"https:\/\/ebenac.com\/en\/wp-json\/wp\/v2\/pages\/93","targetHints":{"allow":["GET"]}}],"collection":[{"href":"https:\/\/ebenac.com\/en\/wp-json\/wp\/v2\/pages"}],"about":[{"href":"https:\/\/ebenac.com\/en\/wp-json\/wp\/v2\/types\/page"}],"author":[{"embeddable":true,"href":"https:\/\/ebenac.com\/en\/wp-json\/wp\/v2\/users\/1"}],"replies":[{"embeddable":true,"href":"https:\/\/ebenac.com\/en\/wp-json\/wp\/v2\/comments?post=93"}],"version-history":[{"count":14,"href":"https:\/\/ebenac.com\/en\/wp-json\/wp\/v2\/pages\/93\/revisions"}],"predecessor-version":[{"id":1128,"href":"https:\/\/ebenac.com\/en\/wp-json\/wp\/v2\/pages\/93\/revisions\/1128"}],"wp:featuredmedia":[{"embeddable":true,"href":"https:\/\/ebenac.com\/en\/wp-json\/wp\/v2\/media\/1093"}],"wp:attachment":[{"href":"https:\/\/ebenac.com\/en\/wp-json\/wp\/v2\/media?parent=93"}],"curies":[{"name":"wp","href":"https:\/\/api.w.org\/{rel}","templated":true}]}}