{"id":88,"date":"2023-10-27T18:07:36","date_gmt":"2023-10-27T18:07:36","guid":{"rendered":"https:\/\/ebenac.com\/?page_id=88"},"modified":"2023-12-20T12:50:46","modified_gmt":"2023-12-20T16:50:46","slug":"installation-du-systeme-anti-bascule-avant-ou-avant-arriere","status":"publish","type":"page","link":"https:\/\/ebenac.com\/en\/installation-du-systeme-anti-bascule-avant-ou-avant-arriere\/","title":{"rendered":"Front or front\/rear anti-tip system installation"},"content":{"rendered":"<p><div class=\"fusion-fullwidth fullwidth-box fusion-builder-row-1 fusion-flex-container hundred-percent-fullwidth non-hundred-percent-height-scrolling\" style=\"--awb-border-radius-top-left:0px;--awb-border-radius-top-right:0px;--awb-border-radius-bottom-right:0px;--awb-border-radius-bottom-left:0px;--awb-flex-wrap:wrap;\" ><div class=\"fusion-builder-row fusion-row fusion-flex-align-items-flex-start fusion-flex-content-wrap\" style=\"width:calc( 100% + 40px ) !important;max-width:calc( 100% + 40px ) !important;margin-left: calc(-40px \/ 2 );margin-right: calc(-40px \/ 2 );\"><div class=\"fusion-layout-column fusion_builder_column fusion-builder-column-0 fusion_builder_column_1_1 1_1 fusion-flex-column fusion-flex-align-self-flex-start\" style=\"--awb-bg-size:cover;--awb-width-large:100%;--awb-margin-top-large:0px;--awb-spacing-right-large:20px;--awb-margin-bottom-large:20px;--awb-spacing-left-large:20px;--awb-width-medium:100%;--awb-order-medium:0;--awb-spacing-right-medium:20px;--awb-spacing-left-medium:20px;--awb-width-small:100%;--awb-order-small:0;--awb-spacing-right-small:20px;--awb-spacing-left-small:20px;\"><div class=\"fusion-column-wrapper fusion-column-has-shadow fusion-flex-justify-content-center fusion-content-layout-column\"><div class=\"fusion-title title fusion-title-1 fusion-sep-none fusion-title-text fusion-title-size-two\" style=\"--awb-margin-top:5vh;--awb-margin-bottom:5vh;\"><h2 class=\"fusion-title-heading title-heading-left\" style=\"margin:0;\">Front anti-tipper assembly<\/h2><\/div><\/div><\/div><div class=\"fusion-layout-column fusion_builder_column fusion-builder-column-1 fusion_builder_column_1_2 1_2 fusion-flex-column\" style=\"--awb-bg-size:cover;--awb-width-large:50%;--awb-margin-top-large:0px;--awb-spacing-right-large:20px;--awb-margin-bottom-large:20px;--awb-spacing-left-large:20px;--awb-width-medium:50%;--awb-order-medium:0;--awb-spacing-right-medium:20px;--awb-spacing-left-medium:20px;--awb-width-small:100%;--awb-order-small:1;--awb-spacing-right-small:20px;--awb-spacing-left-small:20px;\"><div class=\"fusion-column-wrapper fusion-column-has-shadow fusion-flex-justify-content-flex-start fusion-content-layout-column\"><div class=\"fusion-image-element\" style=\"text-align:left;--awb-caption-title-font-family:var(--h2_typography-font-family);--awb-caption-title-font-weight:var(--h2_typography-font-weight);--awb-caption-title-font-style:var(--h2_typography-font-style);--awb-caption-title-size:var(--h2_typography-font-size);--awb-caption-title-transform:var(--h2_typography-text-transform);--awb-caption-title-line-height:var(--h2_typography-line-height);--awb-caption-title-letter-spacing:var(--h2_typography-letter-spacing);\"><span class=\"fusion-imageframe imageframe-none imageframe-1 hover-type-none\"><img decoding=\"async\" width=\"1200\" height=\"800\" alt=\"\u00c9B\u00c9NAC Notice de montage\" title=\"\u00c9B\u00c9NAC Notice de montage\" src=\"https:\/\/ebenac.com\/wp-content\/uploads\/2023\/12\/ezgif.com-gif-maker.gif\" class=\"img-responsive wp-image-894\"\/><\/span><\/div><\/div><\/div><div class=\"fusion-layout-column fusion_builder_column fusion-builder-column-2 fusion_builder_column_1_2 1_2 fusion-flex-column\" style=\"--awb-bg-size:cover;--awb-width-large:50%;--awb-margin-top-large:0px;--awb-spacing-right-large:20px;--awb-margin-bottom-large:20px;--awb-spacing-left-large:calc( 0 * calc( 100% - 40px ) );--awb-width-medium:50%;--awb-order-medium:0;--awb-spacing-right-medium:20px;--awb-spacing-left-medium:calc( 0 * calc( 100% - 40px ) );--awb-width-small:100%;--awb-order-small:2;--awb-spacing-right-small:20px;--awb-spacing-left-small:20px;\"><div class=\"fusion-column-wrapper fusion-column-has-shadow fusion-flex-justify-content-flex-start fusion-content-layout-column\"><div class=\"fusion-title title fusion-title-2 fusion-sep-none fusion-title-text fusion-title-size-four\" style=\"--awb-margin-bottom:15px;\"><h4 class=\"fusion-title-heading title-heading-left\" style=\"margin:0;\">Materials required :<\/h4><\/div><ul style=\"--awb-line-height:27.2px;--awb-icon-width:27.2px;--awb-icon-height:27.2px;--awb-icon-margin:11.2px;--awb-content-margin:38.4px;--awb-circlecolor:var(--awb-color4);--awb-circle-yes-font-size:14.08px;\" class=\"fusion-checklist fusion-checklist-1 fusion-checklist-default type-icons\"><li class=\"fusion-li-item\" style=\"\"><span class=\"icon-wrapper circle-yes\"><i class=\"fusion-li-icon awb-icon-check\" aria-hidden=\"true\"><\/i><\/span><div class=\"fusion-li-item-content\">\n<p>Allen key supplied with chair<\/p>\n<\/div><\/li><li class=\"fusion-li-item\" style=\"\"><span class=\"icon-wrapper circle-yes\"><i class=\"fusion-li-icon awb-icon-check\" aria-hidden=\"true\"><\/i><\/span><div class=\"fusion-li-item-content\">\n<p>Anti-tip supplied in box<\/p>\n<\/div><\/li><li class=\"fusion-li-item\" style=\"\"><span class=\"icon-wrapper circle-yes\"><i class=\"fusion-li-icon awb-icon-check\" aria-hidden=\"true\"><\/i><\/span><div class=\"fusion-li-item-content\">\n<p>Screws already in chair holes<\/p>\n<\/div><\/li><\/ul><div class=\"fusion-text fusion-text-1\" style=\"--awb-font-size:16px;--awb-line-height:1.4;--awb-text-color:var(--awb-color6);--awb-margin-top:30px;\"><div><span style=\"color: var(--awb-text-color); font-family: var(--awb-text-font-family); font-size: var(--awb-font-size); font-style: var(--awb-text-font-style); font-weight: var(--awb-text-font-weight); letter-spacing: var(--awb-letter-spacing); text-align: var(--awb-content-alignment); text-transform: var(--awb-text-transform); background-color: var(--awb-bg-color-hover);\">N.B. The white plastic part corresponds to the underlay.<\/span><\/div>\n<p class=\"translation-block\">The metal part (butterfly) must be visible from inside the chair.<br>\nScrew tightly, the system will be very secure.<\/p>\n<\/div><\/div><\/div><div class=\"fusion-layout-column fusion_builder_column fusion-builder-column-3 fusion_builder_column_1_1 1_1 fusion-flex-column fusion-flex-align-self-flex-start\" style=\"--awb-bg-size:cover;--awb-width-large:100%;--awb-margin-top-large:0px;--awb-spacing-right-large:20px;--awb-margin-bottom-large:20px;--awb-spacing-left-large:20px;--awb-width-medium:100%;--awb-order-medium:0;--awb-spacing-right-medium:20px;--awb-spacing-left-medium:20px;--awb-width-small:100%;--awb-order-small:3;--awb-spacing-right-small:20px;--awb-spacing-left-small:20px;\"><div class=\"fusion-column-wrapper fusion-column-has-shadow fusion-flex-justify-content-center fusion-content-layout-column\"><div class=\"fusion-title title fusion-title-3 fusion-sep-none fusion-title-text fusion-title-size-two\" style=\"--awb-margin-top:5vh;--awb-margin-bottom:5vh;\"><h2 class=\"fusion-title-heading title-heading-left\" style=\"margin:0;\">Front-rear anti-tip system assembly<\/h2><\/div><\/div><\/div><div class=\"fusion-layout-column fusion_builder_column fusion-builder-column-4 fusion_builder_column_1_2 1_2 fusion-flex-column\" style=\"--awb-bg-size:cover;--awb-width-large:50%;--awb-margin-top-large:0px;--awb-spacing-right-large:20px;--awb-margin-bottom-large:20px;--awb-spacing-left-large:20px;--awb-width-medium:50%;--awb-order-medium:0;--awb-spacing-right-medium:20px;--awb-spacing-left-medium:20px;--awb-width-small:100%;--awb-order-small:5;--awb-spacing-right-small:20px;--awb-spacing-left-small:20px;\"><div class=\"fusion-column-wrapper fusion-column-has-shadow fusion-flex-justify-content-flex-start fusion-content-layout-column\"><div class=\"fusion-title title fusion-title-4 fusion-sep-none fusion-title-text fusion-title-size-four\" style=\"--awb-margin-bottom:15px;\"><h4 class=\"fusion-title-heading title-heading-left\" style=\"margin:0;\">Materials required :<\/h4><\/div><ul style=\"--awb-line-height:27.2px;--awb-icon-width:27.2px;--awb-icon-height:27.2px;--awb-icon-margin:11.2px;--awb-content-margin:38.4px;--awb-circlecolor:var(--awb-color4);--awb-circle-yes-font-size:14.08px;\" class=\"fusion-checklist fusion-checklist-2 fusion-checklist-default type-icons\"><li class=\"fusion-li-item\" style=\"\"><span class=\"icon-wrapper circle-yes\"><i class=\"fusion-li-icon awb-icon-check\" aria-hidden=\"true\"><\/i><\/span><div class=\"fusion-li-item-content\">\n<p>Allen key supplied with chair<\/p>\n<\/div><\/li><li class=\"fusion-li-item\" style=\"\"><span class=\"icon-wrapper circle-yes\"><i class=\"fusion-li-icon awb-icon-check\" aria-hidden=\"true\"><\/i><\/span><div class=\"fusion-li-item-content\">\n<p>Anti-tip supplied in box<\/p>\n<\/div><\/li><li class=\"fusion-li-item\" style=\"\"><span class=\"icon-wrapper circle-yes\"><i class=\"fusion-li-icon awb-icon-check\" aria-hidden=\"true\"><\/i><\/span><div class=\"fusion-li-item-content\">\n<p>Screws already in chair holes<\/p>\n<\/div><\/li><\/ul><div class=\"fusion-text fusion-text-2\" style=\"--awb-font-size:16px;--awb-line-height:1.4;--awb-text-color:var(--awb-color6);--awb-margin-top:30px;\"><div><span style=\"color: var(--awb-text-color); font-family: var(--awb-text-font-family); font-size: var(--awb-font-size); font-style: var(--awb-text-font-style); font-weight: var(--awb-text-font-weight); letter-spacing: var(--awb-letter-spacing); text-align: var(--awb-content-alignment); text-transform: var(--awb-text-transform); background-color: var(--awb-bg-color-hover);\">N.B. The white plastic part corresponds to the underlay.<\/span><\/div>\n<p class=\"translation-block\">The metal part (butterfly) must be visible from inside the chair.<br>\nScrew tightly, the system will be very secure.<\/p>\n<\/div><\/div><\/div><div class=\"fusion-layout-column fusion_builder_column fusion-builder-column-5 fusion_builder_column_1_2 1_2 fusion-flex-column\" style=\"--awb-bg-size:cover;--awb-width-large:50%;--awb-margin-top-large:0px;--awb-spacing-right-large:20px;--awb-margin-bottom-large:20px;--awb-spacing-left-large:calc( 0 * calc( 100% - 40px ) );--awb-width-medium:50%;--awb-order-medium:0;--awb-spacing-right-medium:20px;--awb-spacing-left-medium:calc( 0 * calc( 100% - 40px ) );--awb-width-small:100%;--awb-order-small:4;--awb-spacing-right-small:20px;--awb-spacing-left-small:20px;\"><div class=\"fusion-column-wrapper fusion-column-has-shadow fusion-flex-justify-content-flex-start fusion-content-layout-column\"><div class=\"fusion-image-element\" style=\"text-align:left;--awb-caption-title-font-family:var(--h2_typography-font-family);--awb-caption-title-font-weight:var(--h2_typography-font-weight);--awb-caption-title-font-style:var(--h2_typography-font-style);--awb-caption-title-size:var(--h2_typography-font-size);--awb-caption-title-transform:var(--h2_typography-text-transform);--awb-caption-title-line-height:var(--h2_typography-line-height);--awb-caption-title-letter-spacing:var(--h2_typography-letter-spacing);\"><span class=\"fusion-imageframe imageframe-none imageframe-2 hover-type-none\"><img decoding=\"async\" width=\"600\" height=\"400\" alt=\"\u00c9B\u00c9NAC montage anti bascule avant arri\u00e8re\" title=\"\u00c9B\u00c9NAC montage anti bascule avant arri\u00e8re\" src=\"https:\/\/ebenac.com\/wp-content\/uploads\/2023\/10\/montage_anti_bascule_avant_arriere.gif\" class=\"img-responsive wp-image-274\"\/><\/span><\/div><\/div><\/div><\/div><\/div><div class=\"fusion-fullwidth fullwidth-box fusion-builder-row-2 fusion-flex-container hundred-percent-fullwidth non-hundred-percent-height-scrolling\" style=\"--awb-border-radius-top-left:0px;--awb-border-radius-top-right:0px;--awb-border-radius-bottom-right:0px;--awb-border-radius-bottom-left:0px;--awb-padding-top:24px;--awb-padding-right:40px;--awb-padding-bottom:24px;--awb-padding-left:40px;--awb-margin-top-small:0px;--awb-background-color:rgba(81,51,33,0.82);--awb-flex-wrap:wrap;\" ><div class=\"fusion-builder-row fusion-row fusion-flex-align-items-center fusion-flex-justify-content-space-between fusion-flex-content-wrap\" style=\"width:calc( 100% + 40px ) !important;max-width:calc( 100% + 40px ) !important;margin-left: calc(-40px \/ 2 );margin-right: calc(-40px \/ 2 );\"><div class=\"fusion-layout-column fusion_builder_column fusion-builder-column-6 fusion_builder_column_2_3 2_3 fusion-flex-column\" style=\"--awb-bg-size:cover;--awb-width-large:66.666666666667%;--awb-margin-top-large:0px;--awb-spacing-right-large:20px;--awb-margin-bottom-large:0px;--awb-spacing-left-large:20px;--awb-width-medium:66.666666666667%;--awb-order-medium:0;--awb-spacing-right-medium:20px;--awb-spacing-left-medium:20px;--awb-width-small:100%;--awb-order-small:0;--awb-spacing-right-small:20px;--awb-margin-bottom-small:20px;--awb-spacing-left-small:20px;\"><div class=\"fusion-column-wrapper fusion-column-has-shadow fusion-flex-justify-content-flex-start fusion-content-layout-column\"><div class=\"fusion-title title fusion-title-5 fusion-sep-none fusion-title-text fusion-title-size-three\" style=\"--awb-text-color:var(--awb-color1);--awb-margin-top:0px;--awb-margin-bottom:0px;--awb-font-size:32px;\"><h3 class=\"fusion-title-heading title-heading-left\" style=\"font-family:var(--awb-typography3-font-family);font-weight:var(--awb-typography3-font-weight);font-style:var(--awb-typography3-font-style);margin:0;letter-spacing:var(--awb-typography3-letter-spacing);text-transform:var(--awb-typography3-text-transform);font-size:1em;line-height:var(--awb-typography3-line-height);\">Need a quotation?<\/h3><\/div><\/div><\/div><div class=\"fusion-layout-column fusion_builder_column fusion-builder-column-7 fusion_builder_column_1_4 1_4 fusion-flex-column fusion-flex-align-self-center\" style=\"--awb-bg-size:cover;--awb-width-large:25%;--awb-margin-top-large:0px;--awb-spacing-right-large:20px;--awb-margin-bottom-large:0px;--awb-spacing-left-large:20px;--awb-width-medium:25%;--awb-order-medium:0;--awb-spacing-right-medium:20px;--awb-spacing-left-medium:20px;--awb-width-small:100%;--awb-order-small:0;--awb-spacing-right-small:20px;--awb-spacing-left-small:20px;\"><div class=\"fusion-column-wrapper fusion-column-has-shadow fusion-flex-justify-content-center fusion-content-layout-column\"><div class=\"sm-text-align-left\"><a class=\"fusion-button button-flat fusion-button-default-size button-custom fusion-button-default button-1 fusion-button-default-span fusion-button-default-type fusion-has-button-gradient\" style=\"--button_accent_color:var(--awb-color1);--button_border_color:var(--awb-color8);--button_accent_hover_color:var(--awb-color1);--button_border_hover_color:var(--awb-color2);--button_gradient_top_color:var(--awb-custom_color_5);--button_gradient_bottom_color:var(--awb-custom_color_5);--button_gradient_top_color_hover:#513321;--button_gradient_bottom_color_hover:var(--awb-color2);--button_margin-top:0px;--button_margin-bottom:0px;\" target=\"_self\" href=\"https:\/\/ebenac.com\/en\/soumission\/\"><span class=\"fusion-button-text awb-button__text awb-button__text--default\">Make a quotation<\/span><\/a><\/div><\/div><\/div><\/div><\/div>\n<\/p>","protected":false},"excerpt":{"rendered":"","protected":false},"author":1,"featured_media":1095,"parent":0,"menu_order":0,"comment_status":"closed","ping_status":"closed","template":"100-width.php","meta":{"_acf_changed":false,"footnotes":""},"class_list":["post-88","page","type-page","status-publish","has-post-thumbnail","hentry"],"acf":[],"yoast_head":"<!-- This site is optimized with the Yoast SEO plugin v26.4 - https:\/\/yoast.com\/wordpress\/plugins\/seo\/ -->\n<title>Installation du syst\u00e8me anti-bascule avant ou avant\/arri\u00e8re - \u00c9B\u00c9NAC<\/title>\n<meta name=\"description\" content=\"Proc\u00e9dure pour un bon montage des syst\u00e8me anti-bascule avant ou avant-arri\u00e8re pour la chaise \u00c9B\u00c9NAC.\" \/>\n<meta name=\"robots\" content=\"index, follow, max-snippet:-1, max-image-preview:large, max-video-preview:-1\" \/>\n<link rel=\"canonical\" href=\"https:\/\/ebenac.com\/en\/installation-du-systeme-anti-bascule-avant-ou-avant-arriere\/\" \/>\n<meta property=\"og:locale\" content=\"en_US\" \/>\n<meta property=\"og:type\" content=\"article\" \/>\n<meta property=\"og:title\" content=\"Installation du syst\u00e8me anti-bascule avant ou avant\/arri\u00e8re - \u00c9B\u00c9NAC\" \/>\n<meta property=\"og:description\" content=\"Proc\u00e9dure pour un bon montage des syst\u00e8me anti-bascule avant ou avant-arri\u00e8re pour la chaise \u00c9B\u00c9NAC.\" \/>\n<meta property=\"og:url\" content=\"https:\/\/ebenac.com\/en\/installation-du-systeme-anti-bascule-avant-ou-avant-arriere\/\" \/>\n<meta property=\"og:site_name\" content=\"\u00c9B\u00c9NAC\" \/>\n<meta property=\"article:modified_time\" content=\"2023-12-20T16:50:46+00:00\" \/>\n<meta property=\"og:image\" content=\"https:\/\/ebenac.com\/wp-content\/uploads\/2023\/12\/EBENAC-image-sociale-Installation-du-systeme.jpg\" \/>\n\t<meta property=\"og:image:width\" content=\"1200\" \/>\n\t<meta property=\"og:image:height\" content=\"675\" \/>\n\t<meta property=\"og:image:type\" content=\"image\/jpeg\" \/>\n<meta name=\"twitter:card\" content=\"summary_large_image\" \/>\n<meta name=\"twitter:label1\" content=\"Est. reading time\" \/>\n\t<meta name=\"twitter:data1\" content=\"2 minutes\" \/>\n<script type=\"application\/ld+json\" class=\"yoast-schema-graph\">{\"@context\":\"https:\/\/schema.org\",\"@graph\":[{\"@type\":\"WebPage\",\"@id\":\"https:\/\/ebenac.com\/installation-du-systeme-anti-bascule-avant-ou-avant-arriere\/\",\"url\":\"https:\/\/ebenac.com\/installation-du-systeme-anti-bascule-avant-ou-avant-arriere\/\",\"name\":\"Installation du syst\u00e8me anti-bascule avant ou avant\/arri\u00e8re - \u00c9B\u00c9NAC\",\"isPartOf\":{\"@id\":\"https:\/\/ebenac.com\/#website\"},\"primaryImageOfPage\":{\"@id\":\"https:\/\/ebenac.com\/installation-du-systeme-anti-bascule-avant-ou-avant-arriere\/#primaryimage\"},\"image\":{\"@id\":\"https:\/\/ebenac.com\/installation-du-systeme-anti-bascule-avant-ou-avant-arriere\/#primaryimage\"},\"thumbnailUrl\":\"https:\/\/ebenac.com\/wp-content\/uploads\/2023\/12\/EBENAC-image-sociale-Installation-du-systeme.jpg\",\"datePublished\":\"2023-10-27T18:07:36+00:00\",\"dateModified\":\"2023-12-20T16:50:46+00:00\",\"description\":\"Proc\u00e9dure pour un bon montage des syst\u00e8me anti-bascule avant ou avant-arri\u00e8re pour la chaise \u00c9B\u00c9NAC.\",\"breadcrumb\":{\"@id\":\"https:\/\/ebenac.com\/installation-du-systeme-anti-bascule-avant-ou-avant-arriere\/#breadcrumb\"},\"inLanguage\":\"en-CA\",\"potentialAction\":[{\"@type\":\"ReadAction\",\"target\":[\"https:\/\/ebenac.com\/installation-du-systeme-anti-bascule-avant-ou-avant-arriere\/\"]}]},{\"@type\":\"ImageObject\",\"inLanguage\":\"en-CA\",\"@id\":\"https:\/\/ebenac.com\/installation-du-systeme-anti-bascule-avant-ou-avant-arriere\/#primaryimage\",\"url\":\"https:\/\/ebenac.com\/wp-content\/uploads\/2023\/12\/EBENAC-image-sociale-Installation-du-systeme.jpg\",\"contentUrl\":\"https:\/\/ebenac.com\/wp-content\/uploads\/2023\/12\/EBENAC-image-sociale-Installation-du-systeme.jpg\",\"width\":1200,\"height\":675,\"caption\":\"EBENAC - Installation du syst\u00e8me\"},{\"@type\":\"BreadcrumbList\",\"@id\":\"https:\/\/ebenac.com\/installation-du-systeme-anti-bascule-avant-ou-avant-arriere\/#breadcrumb\",\"itemListElement\":[{\"@type\":\"ListItem\",\"position\":1,\"name\":\"Accueil\",\"item\":\"https:\/\/ebenac.com\/\"},{\"@type\":\"ListItem\",\"position\":2,\"name\":\"Installation du syst\u00e8me anti-bascule avant ou avant\/arri\u00e8re\"}]},{\"@type\":\"WebSite\",\"@id\":\"https:\/\/ebenac.com\/#website\",\"url\":\"https:\/\/ebenac.com\/\",\"name\":\"\u00c9B\u00c9NAC\",\"description\":\"Par \u00e9b\u00e9nisterie J.Cloutier\",\"publisher\":{\"@id\":\"https:\/\/ebenac.com\/#organization\"},\"potentialAction\":[{\"@type\":\"SearchAction\",\"target\":{\"@type\":\"EntryPoint\",\"urlTemplate\":\"https:\/\/ebenac.com\/?s={search_term_string}\"},\"query-input\":{\"@type\":\"PropertyValueSpecification\",\"valueRequired\":true,\"valueName\":\"search_term_string\"}}],\"inLanguage\":\"en-CA\"},{\"@type\":\"Organization\",\"@id\":\"https:\/\/ebenac.com\/#organization\",\"name\":\"\u00c9B\u00c9NAC par \u00c9b\u00e9nisterie J. Cloutier\",\"alternateName\":\"\u00c9B\u00c9NAC\",\"url\":\"https:\/\/ebenac.com\/\",\"logo\":{\"@type\":\"ImageObject\",\"inLanguage\":\"en-CA\",\"@id\":\"https:\/\/ebenac.com\/#\/schema\/logo\/image\/\",\"url\":\"https:\/\/ebenac.com\/wp-content\/uploads\/2023\/10\/logo-1x-ebenac.png\",\"contentUrl\":\"https:\/\/ebenac.com\/wp-content\/uploads\/2023\/10\/logo-1x-ebenac.png\",\"width\":276,\"height\":201,\"caption\":\"\u00c9B\u00c9NAC par \u00c9b\u00e9nisterie J. Cloutier\"},\"image\":{\"@id\":\"https:\/\/ebenac.com\/#\/schema\/logo\/image\/\"}}]}<\/script>\n<!-- \/ Yoast SEO plugin. -->","yoast_head_json":{"title":"Installation du syst\u00e8me anti-bascule avant ou avant\/arri\u00e8re - \u00c9B\u00c9NAC","description":"Proc\u00e9dure pour un bon montage des syst\u00e8me anti-bascule avant ou avant-arri\u00e8re pour la chaise \u00c9B\u00c9NAC.","robots":{"index":"index","follow":"follow","max-snippet":"max-snippet:-1","max-image-preview":"max-image-preview:large","max-video-preview":"max-video-preview:-1"},"canonical":"https:\/\/ebenac.com\/en\/installation-du-systeme-anti-bascule-avant-ou-avant-arriere\/","og_locale":"en_US","og_type":"article","og_title":"Installation du syst\u00e8me anti-bascule avant ou avant\/arri\u00e8re - \u00c9B\u00c9NAC","og_description":"Proc\u00e9dure pour un bon montage des syst\u00e8me anti-bascule avant ou avant-arri\u00e8re pour la chaise \u00c9B\u00c9NAC.","og_url":"https:\/\/ebenac.com\/en\/installation-du-systeme-anti-bascule-avant-ou-avant-arriere\/","og_site_name":"\u00c9B\u00c9NAC","article_modified_time":"2023-12-20T16:50:46+00:00","og_image":[{"width":1200,"height":675,"url":"https:\/\/ebenac.com\/wp-content\/uploads\/2023\/12\/EBENAC-image-sociale-Installation-du-systeme.jpg","type":"image\/jpeg"}],"twitter_card":"summary_large_image","twitter_misc":{"Est. reading time":"2 minutes"},"schema":{"@context":"https:\/\/schema.org","@graph":[{"@type":"WebPage","@id":"https:\/\/ebenac.com\/installation-du-systeme-anti-bascule-avant-ou-avant-arriere\/","url":"https:\/\/ebenac.com\/installation-du-systeme-anti-bascule-avant-ou-avant-arriere\/","name":"Installation du syst\u00e8me anti-bascule avant ou avant\/arri\u00e8re - \u00c9B\u00c9NAC","isPartOf":{"@id":"https:\/\/ebenac.com\/#website"},"primaryImageOfPage":{"@id":"https:\/\/ebenac.com\/installation-du-systeme-anti-bascule-avant-ou-avant-arriere\/#primaryimage"},"image":{"@id":"https:\/\/ebenac.com\/installation-du-systeme-anti-bascule-avant-ou-avant-arriere\/#primaryimage"},"thumbnailUrl":"https:\/\/ebenac.com\/wp-content\/uploads\/2023\/12\/EBENAC-image-sociale-Installation-du-systeme.jpg","datePublished":"2023-10-27T18:07:36+00:00","dateModified":"2023-12-20T16:50:46+00:00","description":"Proc\u00e9dure pour un bon montage des syst\u00e8me anti-bascule avant ou avant-arri\u00e8re pour la chaise \u00c9B\u00c9NAC.","breadcrumb":{"@id":"https:\/\/ebenac.com\/installation-du-systeme-anti-bascule-avant-ou-avant-arriere\/#breadcrumb"},"inLanguage":"en-CA","potentialAction":[{"@type":"ReadAction","target":["https:\/\/ebenac.com\/installation-du-systeme-anti-bascule-avant-ou-avant-arriere\/"]}]},{"@type":"ImageObject","inLanguage":"en-CA","@id":"https:\/\/ebenac.com\/installation-du-systeme-anti-bascule-avant-ou-avant-arriere\/#primaryimage","url":"https:\/\/ebenac.com\/wp-content\/uploads\/2023\/12\/EBENAC-image-sociale-Installation-du-systeme.jpg","contentUrl":"https:\/\/ebenac.com\/wp-content\/uploads\/2023\/12\/EBENAC-image-sociale-Installation-du-systeme.jpg","width":1200,"height":675,"caption":"EBENAC - Installation du syst\u00e8me"},{"@type":"BreadcrumbList","@id":"https:\/\/ebenac.com\/installation-du-systeme-anti-bascule-avant-ou-avant-arriere\/#breadcrumb","itemListElement":[{"@type":"ListItem","position":1,"name":"Accueil","item":"https:\/\/ebenac.com\/"},{"@type":"ListItem","position":2,"name":"Installation du syst\u00e8me anti-bascule avant ou avant\/arri\u00e8re"}]},{"@type":"WebSite","@id":"https:\/\/ebenac.com\/#website","url":"https:\/\/ebenac.com\/","name":"\u00c9B\u00c9NAC","description":"Par \u00e9b\u00e9nisterie J.Cloutier","publisher":{"@id":"https:\/\/ebenac.com\/#organization"},"potentialAction":[{"@type":"SearchAction","target":{"@type":"EntryPoint","urlTemplate":"https:\/\/ebenac.com\/?s={search_term_string}"},"query-input":{"@type":"PropertyValueSpecification","valueRequired":true,"valueName":"search_term_string"}}],"inLanguage":"en-CA"},{"@type":"Organization","@id":"https:\/\/ebenac.com\/#organization","name":"\u00c9B\u00c9NAC par \u00c9b\u00e9nisterie J. Cloutier","alternateName":"\u00c9B\u00c9NAC","url":"https:\/\/ebenac.com\/","logo":{"@type":"ImageObject","inLanguage":"en-CA","@id":"https:\/\/ebenac.com\/#\/schema\/logo\/image\/","url":"https:\/\/ebenac.com\/wp-content\/uploads\/2023\/10\/logo-1x-ebenac.png","contentUrl":"https:\/\/ebenac.com\/wp-content\/uploads\/2023\/10\/logo-1x-ebenac.png","width":276,"height":201,"caption":"\u00c9B\u00c9NAC par \u00c9b\u00e9nisterie J. Cloutier"},"image":{"@id":"https:\/\/ebenac.com\/#\/schema\/logo\/image\/"}}]}},"_links":{"self":[{"href":"https:\/\/ebenac.com\/en\/wp-json\/wp\/v2\/pages\/88","targetHints":{"allow":["GET"]}}],"collection":[{"href":"https:\/\/ebenac.com\/en\/wp-json\/wp\/v2\/pages"}],"about":[{"href":"https:\/\/ebenac.com\/en\/wp-json\/wp\/v2\/types\/page"}],"author":[{"embeddable":true,"href":"https:\/\/ebenac.com\/en\/wp-json\/wp\/v2\/users\/1"}],"replies":[{"embeddable":true,"href":"https:\/\/ebenac.com\/en\/wp-json\/wp\/v2\/comments?post=88"}],"version-history":[{"count":12,"href":"https:\/\/ebenac.com\/en\/wp-json\/wp\/v2\/pages\/88\/revisions"}],"predecessor-version":[{"id":930,"href":"https:\/\/ebenac.com\/en\/wp-json\/wp\/v2\/pages\/88\/revisions\/930"}],"wp:featuredmedia":[{"embeddable":true,"href":"https:\/\/ebenac.com\/en\/wp-json\/wp\/v2\/media\/1095"}],"wp:attachment":[{"href":"https:\/\/ebenac.com\/en\/wp-json\/wp\/v2\/media?parent=88"}],"curies":[{"name":"wp","href":"https:\/\/api.w.org\/{rel}","templated":true}]}}