{"id":10,"date":"2023-10-25T18:52:44","date_gmt":"2023-10-25T18:52:44","guid":{"rendered":"https:\/\/ebenac.com\/?page_id=10"},"modified":"2023-12-20T11:43:21","modified_gmt":"2023-12-20T15:43:21","slug":"a-propos","status":"publish","type":"page","link":"https:\/\/ebenac.com\/en\/a-propos\/","title":{"rendered":"About us"},"content":{"rendered":"<p><div class=\"fusion-fullwidth fullwidth-box fusion-builder-row-1 fusion-flex-container has-pattern-background has-mask-background hundred-percent-fullwidth non-hundred-percent-height-scrolling\" style=\"--awb-border-radius-top-left:0px;--awb-border-radius-top-right:0px;--awb-border-radius-bottom-right:0px;--awb-border-radius-bottom-left:0px;--awb-flex-wrap:wrap;\" ><div class=\"fusion-builder-row fusion-row fusion-flex-align-items-stretch fusion-flex-justify-content-center fusion-flex-content-wrap\" style=\"width:calc( 100% + 40px ) !important;max-width:calc( 100% + 40px ) !important;margin-left: calc(-40px \/ 2 );margin-right: calc(-40px \/ 2 );\"><div class=\"fusion-layout-column fusion_builder_column fusion-builder-column-0 fusion_builder_column_1_3 1_3 fusion-flex-column\" style=\"--awb-bg-position:center center;--awb-bg-size:cover;--awb-width-large:33.333333333333%;--awb-margin-top-large:0px;--awb-spacing-right-large:20px;--awb-margin-bottom-large:20px;--awb-spacing-left-large:20px;--awb-width-medium:33.333333333333%;--awb-order-medium:0;--awb-spacing-right-medium:20px;--awb-spacing-left-medium:20px;--awb-width-small:100%;--awb-order-small:1;--awb-spacing-right-small:20px;--awb-spacing-left-small:20px;\"><div class=\"fusion-column-wrapper fusion-column-has-shadow fusion-flex-justify-content-flex-start fusion-content-layout-column\"><div class=\"fusion-image-element\" style=\"text-align:center;--awb-caption-title-font-family:var(--h2_typography-font-family);--awb-caption-title-font-weight:var(--h2_typography-font-weight);--awb-caption-title-font-style:var(--h2_typography-font-style);--awb-caption-title-size:var(--h2_typography-font-size);--awb-caption-title-transform:var(--h2_typography-text-transform);--awb-caption-title-line-height:var(--h2_typography-line-height);--awb-caption-title-letter-spacing:var(--h2_typography-letter-spacing);\"><span class=\"fusion-imageframe imageframe-none imageframe-1 hover-type-none\"><img decoding=\"async\" width=\"795\" height=\"1024\" alt=\"\u00c9B\u00c9NAC Julien et Jacques\" title=\"\u00c9B\u00c9NAC a propos\" src=\"https:\/\/ebenac.com\/wp-content\/uploads\/2023\/12\/EBENAC-a-propos-795x1024.webp\" class=\"img-responsive wp-image-942\" srcset=\"https:\/\/ebenac.com\/wp-content\/uploads\/2023\/12\/EBENAC-a-propos-200x258.webp 200w, https:\/\/ebenac.com\/wp-content\/uploads\/2023\/12\/EBENAC-a-propos-400x515.webp 400w, https:\/\/ebenac.com\/wp-content\/uploads\/2023\/12\/EBENAC-a-propos-600x773.webp 600w, https:\/\/ebenac.com\/wp-content\/uploads\/2023\/12\/EBENAC-a-propos-800x1030.webp 800w, https:\/\/ebenac.com\/wp-content\/uploads\/2023\/12\/EBENAC-a-propos-1200x1545.webp 1200w\" sizes=\"(max-width: 640px) 100vw, 400px\" \/><\/span><\/div><\/div><\/div><div class=\"fusion-layout-column fusion_builder_column fusion-builder-column-1 fusion_builder_column_2_3 2_3 fusion-flex-column\" style=\"--awb-bg-size:cover;--awb-width-large:66.666666666667%;--awb-margin-top-large:0px;--awb-spacing-right-large:20px;--awb-margin-bottom-large:20px;--awb-spacing-left-large:20px;--awb-width-medium:66.666666666667%;--awb-order-medium:0;--awb-spacing-right-medium:20px;--awb-spacing-left-medium:20px;--awb-width-small:100%;--awb-order-small:0;--awb-spacing-right-small:20px;--awb-spacing-left-small:20px;\"><div class=\"fusion-column-wrapper fusion-column-has-shadow fusion-flex-justify-content-flex-start fusion-content-layout-column\"><div class=\"fusion-title title fusion-title-1 fusion-sep-none fusion-title-text fusion-title-size-three title-shadow\" style=\"--awb-text-color:var(--awb-color2);--awb-margin-bottom:0px;\"><h3 class=\"fusion-title-heading title-heading-left\" style=\"margin:0;\">Our history<\/h3><\/div><div class=\"fusion-separator\" style=\"align-self: flex-start;margin-right:auto;margin-bottom:3vh;width:100%;max-width:145px;\"><div class=\"fusion-separator-border sep-single sep-solid\" style=\"--awb-height:20px;--awb-amount:20px;--awb-sep-color:var(--awb-color2);border-color:var(--awb-color2);border-top-width:1px;\"><\/div><\/div><div class=\"fusion-text fusion-text-1\" style=\"--awb-text-color:#707070;--awb-text-font-family:&quot;Roboto&quot;;--awb-text-font-style:normal;--awb-text-font-weight:400;\"><p><span style=\"color: var(--awb-text-color); font-family: var(--awb-text-font-family); font-size: var(--awb-font-size); font-style: var(--awb-text-font-style); font-weight: var(--awb-text-font-weight); letter-spacing: var(--awb-letter-spacing); text-align: var(--awb-content-alignment); text-transform: var(--awb-text-transform); background-color: var(--awb-bg-color);\">Having worked alongside \u00c9b\u00e9nac founder Alain Caron for 10 years, Jacques and Julien took up the torch in the summer of 2023. Inspired by the existing trademark \"Ingenuity and Precision\", they are combining their know-how to continue the legacy of \u00c9b\u00e9nac products in the field of rehabilitation.<\/span><\/p>\n<p>Jacques Cloutier, a carpenter for over 28 years, has specialized in staircase manufacturing since 2003. His name is well established in this field, where he has been able to put to good use his qualities of innovation, precision, quality and reliability.<\/p>\n<p>The arrival of Julien Cloutier, son of Jacques Cloutier, is a breath of fresh air. Having begun his training at Cegep Limoilou in lutherie and artisanal woodworking, he came to perfect his training, more specific to staircase manufacturing, with his father during the pandemic. He brings his ingenuity and creativity to the company, bridging the gap between generations.<\/p>\n<\/div><\/div><\/div><\/div><\/div><div class=\"fusion-fullwidth fullwidth-box fusion-builder-row-2 fusion-flex-container has-pattern-background has-mask-background nonhundred-percent-fullwidth non-hundred-percent-height-scrolling\" style=\"--awb-border-radius-top-left:0px;--awb-border-radius-top-right:0px;--awb-border-radius-bottom-right:0px;--awb-border-radius-bottom-left:0px;--awb-padding-top:50px;--awb-padding-bottom:50px;--awb-margin-top:60px;--awb-background-color:var(--awb-color2);--awb-flex-wrap:wrap;\" ><div class=\"fusion-builder-row fusion-row fusion-flex-align-items-stretch fusion-flex-content-wrap\" style=\"max-width:calc( 1200px + 40px );margin-left: calc(-40px \/ 2 );margin-right: calc(-40px \/ 2 );\"><div class=\"fusion-layout-column fusion_builder_column fusion-builder-column-2 fusion_builder_column_1_2 1_2 fusion-flex-column\" style=\"--awb-bg-size:cover;--awb-width-large:50%;--awb-margin-top-large:0px;--awb-spacing-right-large:20px;--awb-margin-bottom-large:20px;--awb-spacing-left-large:20px;--awb-width-medium:50%;--awb-order-medium:0;--awb-spacing-right-medium:20px;--awb-spacing-left-medium:20px;--awb-width-small:100%;--awb-order-small:0;--awb-spacing-right-small:20px;--awb-spacing-left-small:20px;\"><div class=\"fusion-column-wrapper fusion-column-has-shadow fusion-flex-justify-content-flex-start fusion-content-layout-column\"><div class=\"fusion-title title fusion-title-2 fusion-sep-none fusion-title-text fusion-title-size-three title-shadow\" style=\"--awb-text-color:var(--awb-color1);--awb-margin-bottom:0px;\"><h3 class=\"fusion-title-heading title-heading-left\" style=\"margin:0;\">Our mission<\/h3><\/div><div class=\"fusion-separator\" style=\"align-self: flex-start;margin-right:auto;margin-bottom:3vh;width:100%;max-width:145px;\"><div class=\"fusion-separator-border sep-single sep-solid\" style=\"--awb-height:20px;--awb-amount:20px;--awb-sep-color:var(--awb-color2);border-color:var(--awb-color2);border-top-width:1px;\"><\/div><\/div><div class=\"fusion-text fusion-text-2\" style=\"--awb-font-size:18px;--awb-text-color:var(--awb-color1);--awb-text-font-family:&quot;Roboto&quot;;--awb-text-font-style:normal;--awb-text-font-weight:300;\"><p>The company's mission is to help people be safer and more functional, with products of the highest design quality, precisely tailored to customers' specific requirements.<\/p>\n<\/div><\/div><\/div><div class=\"fusion-layout-column fusion_builder_column fusion-builder-column-3 fusion_builder_column_1_2 1_2 fusion-flex-column\" style=\"--awb-bg-image:url(&#039;https:\/\/ebenac.com\/wp-content\/uploads\/2023\/11\/EBENAC-mise-en-situation-chaise-10-scaled.jpg&#039;);--awb-bg-position:center center;--awb-bg-size:cover;--awb-width-large:50%;--awb-margin-top-large:0px;--awb-spacing-right-large:20px;--awb-margin-bottom-large:20px;--awb-spacing-left-large:20px;--awb-width-medium:50%;--awb-order-medium:0;--awb-spacing-right-medium:20px;--awb-spacing-left-medium:20px;--awb-width-small:100%;--awb-order-small:1;--awb-spacing-right-small:20px;--awb-spacing-left-small:20px;\"><div class=\"fusion-column-wrapper fusion-column-has-shadow fusion-flex-justify-content-flex-start fusion-content-layout-column fusion-empty-column-bg-image fusion-column-has-bg-image\" data-bg-url=\"https:\/\/ebenac.com\/wp-content\/uploads\/2023\/11\/EBENAC-mise-en-situation-chaise-10-scaled.jpg\"><img decoding=\"async\" class=\"fusion-empty-dims-img-placeholder fusion-no-large-visibility fusion-no-medium-visibility\" alt=\"\u00c9B\u00c9NAC mise en situation chaise 10\" aria-label=\"\u00c9B\u00c9NAC mise en situation chaise 10\" src=\"data:image\/svg+xml,%3Csvg%20xmlns%3D%27http%3A%2F%2Fwww.w3.org%2F2000%2Fsvg%27%20width%3D%272560%27%20height%3D%271707%27%20viewBox%3D%270%200%202560%201707%27%3E%3Crect%20width%3D%272560%27%20height%3D%271707%27%20fill-opacity%3D%220%22%2F%3E%3C%2Fsvg%3E\"><\/div><\/div><div class=\"fusion-layout-column fusion_builder_column fusion-builder-column-4 fusion_builder_column_1_2 1_2 fusion-flex-column\" style=\"--awb-bg-image:url(&#039;https:\/\/ebenac.com\/wp-content\/uploads\/2023\/11\/EBENAC-mise-en-situation-chaise-11-scaled.jpg&#039;);--awb-bg-position:center center;--awb-bg-size:cover;--awb-width-large:50%;--awb-margin-top-large:40px;--awb-spacing-right-large:20px;--awb-margin-bottom-large:20px;--awb-spacing-left-large:20px;--awb-width-medium:50%;--awb-order-medium:0;--awb-spacing-right-medium:20px;--awb-spacing-left-medium:20px;--awb-width-small:100%;--awb-order-small:3;--awb-spacing-right-small:20px;--awb-spacing-left-small:20px;\"><div class=\"fusion-column-wrapper fusion-column-has-shadow fusion-flex-justify-content-flex-start fusion-content-layout-column fusion-empty-column-bg-image fusion-column-has-bg-image\" data-bg-url=\"https:\/\/ebenac.com\/wp-content\/uploads\/2023\/11\/EBENAC-mise-en-situation-chaise-11-scaled.jpg\"><img decoding=\"async\" class=\"fusion-empty-dims-img-placeholder fusion-no-large-visibility fusion-no-medium-visibility\" alt=\"\u00c9B\u00c9NAC mise en situation chaise 11\" aria-label=\"\u00c9B\u00c9NAC mise en situation chaise 11\" src=\"data:image\/svg+xml,%3Csvg%20xmlns%3D%27http%3A%2F%2Fwww.w3.org%2F2000%2Fsvg%27%20width%3D%272560%27%20height%3D%271707%27%20viewBox%3D%270%200%202560%201707%27%3E%3Crect%20width%3D%272560%27%20height%3D%271707%27%20fill-opacity%3D%220%22%2F%3E%3C%2Fsvg%3E\"><\/div><\/div><div class=\"fusion-layout-column fusion_builder_column fusion-builder-column-5 fusion_builder_column_1_2 1_2 fusion-flex-column\" style=\"--awb-bg-size:cover;--awb-width-large:50%;--awb-margin-top-large:40px;--awb-spacing-right-large:20px;--awb-margin-bottom-large:20px;--awb-spacing-left-large:20px;--awb-width-medium:50%;--awb-order-medium:0;--awb-spacing-right-medium:20px;--awb-spacing-left-medium:20px;--awb-width-small:100%;--awb-order-small:2;--awb-spacing-right-small:20px;--awb-spacing-left-small:20px;\"><div class=\"fusion-column-wrapper fusion-column-has-shadow fusion-flex-justify-content-flex-start fusion-content-layout-column\"><div class=\"fusion-title title fusion-title-3 fusion-sep-none fusion-title-text fusion-title-size-three title-shadow\" style=\"--awb-text-color:var(--awb-color1);--awb-margin-bottom:0px;\"><h3 class=\"fusion-title-heading title-heading-left\" style=\"margin:0;\">Our vision<\/h3><\/div><div class=\"fusion-separator\" style=\"align-self: flex-start;margin-right:auto;margin-bottom:3vh;width:100%;max-width:145px;\"><div class=\"fusion-separator-border sep-single sep-solid\" style=\"--awb-height:20px;--awb-amount:20px;--awb-sep-color:var(--awb-color2);border-color:var(--awb-color2);border-top-width:1px;\"><\/div><\/div><div class=\"fusion-text fusion-text-3\" style=\"--awb-font-size:18px;--awb-text-color:var(--awb-color1);--awb-text-font-family:&quot;Roboto&quot;;--awb-text-font-style:normal;--awb-text-font-weight:300;\"><p>The family business is ready to take on new challenges, aiming to become the most reputable custom furniture manufacturer in the rehabilitation field. The goal is to perfect \u00c9b\u00e9nac products, design new ones and maximize product availability across Canada.<\/p>\n<\/div><\/div><\/div><\/div><\/div><div class=\"fusion-fullwidth fullwidth-box fusion-builder-row-3 fusion-flex-container hundred-percent-fullwidth non-hundred-percent-height-scrolling\" style=\"--awb-border-radius-top-left:0px;--awb-border-radius-top-right:0px;--awb-border-radius-bottom-right:0px;--awb-border-radius-bottom-left:0px;--awb-padding-top:24px;--awb-padding-right:40px;--awb-padding-bottom:24px;--awb-padding-left:40px;--awb-margin-top-small:0px;--awb-background-color:rgba(81,51,33,0.82);--awb-flex-wrap:wrap;\" ><div class=\"fusion-builder-row fusion-row fusion-flex-align-items-center fusion-flex-justify-content-space-between fusion-flex-content-wrap\" style=\"width:calc( 100% + 40px ) !important;max-width:calc( 100% + 40px ) !important;margin-left: calc(-40px \/ 2 );margin-right: calc(-40px \/ 2 );\"><div class=\"fusion-layout-column fusion_builder_column fusion-builder-column-6 fusion_builder_column_2_3 2_3 fusion-flex-column\" style=\"--awb-bg-size:cover;--awb-width-large:66.666666666667%;--awb-margin-top-large:0px;--awb-spacing-right-large:20px;--awb-margin-bottom-large:0px;--awb-spacing-left-large:20px;--awb-width-medium:66.666666666667%;--awb-order-medium:0;--awb-spacing-right-medium:20px;--awb-spacing-left-medium:20px;--awb-width-small:100%;--awb-order-small:0;--awb-spacing-right-small:20px;--awb-margin-bottom-small:20px;--awb-spacing-left-small:20px;\"><div class=\"fusion-column-wrapper fusion-column-has-shadow fusion-flex-justify-content-flex-start fusion-content-layout-column\"><div class=\"fusion-title title fusion-title-4 fusion-sep-none fusion-title-text fusion-title-size-three\" style=\"--awb-text-color:var(--awb-color1);--awb-margin-top:0px;--awb-margin-bottom:0px;--awb-font-size:32px;\"><h3 class=\"fusion-title-heading title-heading-left\" style=\"font-family:var(--awb-typography3-font-family);font-weight:var(--awb-typography3-font-weight);font-style:var(--awb-typography3-font-style);margin:0;letter-spacing:var(--awb-typography3-letter-spacing);text-transform:var(--awb-typography3-text-transform);font-size:1em;line-height:var(--awb-typography3-line-height);\">Need a quotation?<\/h3><\/div><\/div><\/div><div class=\"fusion-layout-column fusion_builder_column fusion-builder-column-7 fusion_builder_column_1_4 1_4 fusion-flex-column fusion-flex-align-self-center\" style=\"--awb-bg-size:cover;--awb-width-large:25%;--awb-margin-top-large:0px;--awb-spacing-right-large:20px;--awb-margin-bottom-large:0px;--awb-spacing-left-large:20px;--awb-width-medium:25%;--awb-order-medium:0;--awb-spacing-right-medium:20px;--awb-spacing-left-medium:20px;--awb-width-small:100%;--awb-order-small:0;--awb-spacing-right-small:20px;--awb-spacing-left-small:20px;\"><div class=\"fusion-column-wrapper fusion-column-has-shadow fusion-flex-justify-content-center fusion-content-layout-column\"><div class=\"sm-text-align-left\"><a class=\"fusion-button button-flat fusion-button-default-size button-custom fusion-button-default button-1 fusion-button-default-span fusion-button-default-type fusion-has-button-gradient\" style=\"--button_accent_color:var(--awb-color1);--button_border_color:var(--awb-color8);--button_accent_hover_color:var(--awb-color1);--button_border_hover_color:var(--awb-color2);--button_gradient_top_color:var(--awb-custom_color_5);--button_gradient_bottom_color:var(--awb-custom_color_5);--button_gradient_top_color_hover:#513321;--button_gradient_bottom_color_hover:var(--awb-color2);--button_margin-top:0px;--button_margin-bottom:0px;\" target=\"_self\" href=\"https:\/\/ebenac.com\/en\/soumission\/\"><span class=\"fusion-button-text awb-button__text awb-button__text--default\">Make a quotation<\/span><\/a><\/div><\/div><\/div><\/div><\/div>\n<\/p>","protected":false},"excerpt":{"rendered":"","protected":false},"author":1,"featured_media":1090,"parent":0,"menu_order":0,"comment_status":"closed","ping_status":"closed","template":"100-width.php","meta":{"_acf_changed":false,"footnotes":""},"class_list":["post-10","page","type-page","status-publish","has-post-thumbnail","hentry"],"acf":[],"yoast_head":"<!-- This site is optimized with the Yoast SEO plugin v26.4 - https:\/\/yoast.com\/wordpress\/plugins\/seo\/ -->\n<title>\u00c0 Propos - \u00c9B\u00c9NAC<\/title>\n<meta name=\"description\" content=\"Apr\u00e8s avoir c\u00f4toyer pendant 10 ans le fondateur d\u2019\u00c9b\u00e9nac, Alain Caron, Jacques et Julien ont repris le flambeau \u00e0 l\u2019\u00e9t\u00e9 2023.\" \/>\n<meta name=\"robots\" content=\"index, follow, max-snippet:-1, max-image-preview:large, max-video-preview:-1\" \/>\n<link rel=\"canonical\" href=\"https:\/\/ebenac.com\/en\/a-propos\/\" \/>\n<meta property=\"og:locale\" content=\"en_US\" \/>\n<meta property=\"og:type\" content=\"article\" \/>\n<meta property=\"og:title\" content=\"\u00c0 Propos - \u00c9B\u00c9NAC\" \/>\n<meta property=\"og:description\" content=\"Apr\u00e8s avoir c\u00f4toyer pendant 10 ans le fondateur d\u2019\u00c9b\u00e9nac, Alain Caron, Jacques et Julien ont repris le flambeau \u00e0 l\u2019\u00e9t\u00e9 2023.\" \/>\n<meta property=\"og:url\" content=\"https:\/\/ebenac.com\/en\/a-propos\/\" \/>\n<meta property=\"og:site_name\" content=\"\u00c9B\u00c9NAC\" \/>\n<meta property=\"article:modified_time\" content=\"2023-12-20T15:43:21+00:00\" \/>\n<meta property=\"og:image\" content=\"https:\/\/ebenac.com\/wp-content\/uploads\/2023\/12\/EBENAC-image-sociale-A-propos.jpg\" \/>\n\t<meta property=\"og:image:width\" content=\"1200\" \/>\n\t<meta property=\"og:image:height\" content=\"675\" \/>\n\t<meta property=\"og:image:type\" content=\"image\/jpeg\" \/>\n<meta name=\"twitter:card\" content=\"summary_large_image\" \/>\n<meta name=\"twitter:label1\" content=\"Est. reading time\" \/>\n\t<meta name=\"twitter:data1\" content=\"3 minutes\" \/>\n<script type=\"application\/ld+json\" class=\"yoast-schema-graph\">{\"@context\":\"https:\/\/schema.org\",\"@graph\":[{\"@type\":\"WebPage\",\"@id\":\"https:\/\/ebenac.com\/a-propos\/\",\"url\":\"https:\/\/ebenac.com\/a-propos\/\",\"name\":\"\u00c0 Propos - \u00c9B\u00c9NAC\",\"isPartOf\":{\"@id\":\"https:\/\/ebenac.com\/#website\"},\"primaryImageOfPage\":{\"@id\":\"https:\/\/ebenac.com\/a-propos\/#primaryimage\"},\"image\":{\"@id\":\"https:\/\/ebenac.com\/a-propos\/#primaryimage\"},\"thumbnailUrl\":\"https:\/\/ebenac.com\/wp-content\/uploads\/2023\/12\/EBENAC-image-sociale-A-propos.jpg\",\"datePublished\":\"2023-10-25T18:52:44+00:00\",\"dateModified\":\"2023-12-20T15:43:21+00:00\",\"description\":\"Apr\u00e8s avoir c\u00f4toyer pendant 10 ans le fondateur d\u2019\u00c9b\u00e9nac, Alain Caron, Jacques et Julien ont repris le flambeau \u00e0 l\u2019\u00e9t\u00e9 2023.\",\"breadcrumb\":{\"@id\":\"https:\/\/ebenac.com\/a-propos\/#breadcrumb\"},\"inLanguage\":\"en-CA\",\"potentialAction\":[{\"@type\":\"ReadAction\",\"target\":[\"https:\/\/ebenac.com\/a-propos\/\"]}]},{\"@type\":\"ImageObject\",\"inLanguage\":\"en-CA\",\"@id\":\"https:\/\/ebenac.com\/a-propos\/#primaryimage\",\"url\":\"https:\/\/ebenac.com\/wp-content\/uploads\/2023\/12\/EBENAC-image-sociale-A-propos.jpg\",\"contentUrl\":\"https:\/\/ebenac.com\/wp-content\/uploads\/2023\/12\/EBENAC-image-sociale-A-propos.jpg\",\"width\":1200,\"height\":675,\"caption\":\"EBENAC - \u00c0 propos\"},{\"@type\":\"BreadcrumbList\",\"@id\":\"https:\/\/ebenac.com\/a-propos\/#breadcrumb\",\"itemListElement\":[{\"@type\":\"ListItem\",\"position\":1,\"name\":\"Accueil\",\"item\":\"https:\/\/ebenac.com\/\"},{\"@type\":\"ListItem\",\"position\":2,\"name\":\"\u00c0 Propos\"}]},{\"@type\":\"WebSite\",\"@id\":\"https:\/\/ebenac.com\/#website\",\"url\":\"https:\/\/ebenac.com\/\",\"name\":\"\u00c9B\u00c9NAC\",\"description\":\"Par \u00e9b\u00e9nisterie J.Cloutier\",\"publisher\":{\"@id\":\"https:\/\/ebenac.com\/#organization\"},\"potentialAction\":[{\"@type\":\"SearchAction\",\"target\":{\"@type\":\"EntryPoint\",\"urlTemplate\":\"https:\/\/ebenac.com\/?s={search_term_string}\"},\"query-input\":{\"@type\":\"PropertyValueSpecification\",\"valueRequired\":true,\"valueName\":\"search_term_string\"}}],\"inLanguage\":\"en-CA\"},{\"@type\":\"Organization\",\"@id\":\"https:\/\/ebenac.com\/#organization\",\"name\":\"\u00c9B\u00c9NAC par \u00c9b\u00e9nisterie J. Cloutier\",\"alternateName\":\"\u00c9B\u00c9NAC\",\"url\":\"https:\/\/ebenac.com\/\",\"logo\":{\"@type\":\"ImageObject\",\"inLanguage\":\"en-CA\",\"@id\":\"https:\/\/ebenac.com\/#\/schema\/logo\/image\/\",\"url\":\"https:\/\/ebenac.com\/wp-content\/uploads\/2023\/10\/logo-1x-ebenac.png\",\"contentUrl\":\"https:\/\/ebenac.com\/wp-content\/uploads\/2023\/10\/logo-1x-ebenac.png\",\"width\":276,\"height\":201,\"caption\":\"\u00c9B\u00c9NAC par \u00c9b\u00e9nisterie J. Cloutier\"},\"image\":{\"@id\":\"https:\/\/ebenac.com\/#\/schema\/logo\/image\/\"}}]}<\/script>\n<!-- \/ Yoast SEO plugin. -->","yoast_head_json":{"title":"\u00c0 Propos - \u00c9B\u00c9NAC","description":"Apr\u00e8s avoir c\u00f4toyer pendant 10 ans le fondateur d\u2019\u00c9b\u00e9nac, Alain Caron, Jacques et Julien ont repris le flambeau \u00e0 l\u2019\u00e9t\u00e9 2023.","robots":{"index":"index","follow":"follow","max-snippet":"max-snippet:-1","max-image-preview":"max-image-preview:large","max-video-preview":"max-video-preview:-1"},"canonical":"https:\/\/ebenac.com\/en\/a-propos\/","og_locale":"en_US","og_type":"article","og_title":"\u00c0 Propos - \u00c9B\u00c9NAC","og_description":"Apr\u00e8s avoir c\u00f4toyer pendant 10 ans le fondateur d\u2019\u00c9b\u00e9nac, Alain Caron, Jacques et Julien ont repris le flambeau \u00e0 l\u2019\u00e9t\u00e9 2023.","og_url":"https:\/\/ebenac.com\/en\/a-propos\/","og_site_name":"\u00c9B\u00c9NAC","article_modified_time":"2023-12-20T15:43:21+00:00","og_image":[{"width":1200,"height":675,"url":"https:\/\/ebenac.com\/wp-content\/uploads\/2023\/12\/EBENAC-image-sociale-A-propos.jpg","type":"image\/jpeg"}],"twitter_card":"summary_large_image","twitter_misc":{"Est. reading time":"3 minutes"},"schema":{"@context":"https:\/\/schema.org","@graph":[{"@type":"WebPage","@id":"https:\/\/ebenac.com\/a-propos\/","url":"https:\/\/ebenac.com\/a-propos\/","name":"\u00c0 Propos - \u00c9B\u00c9NAC","isPartOf":{"@id":"https:\/\/ebenac.com\/#website"},"primaryImageOfPage":{"@id":"https:\/\/ebenac.com\/a-propos\/#primaryimage"},"image":{"@id":"https:\/\/ebenac.com\/a-propos\/#primaryimage"},"thumbnailUrl":"https:\/\/ebenac.com\/wp-content\/uploads\/2023\/12\/EBENAC-image-sociale-A-propos.jpg","datePublished":"2023-10-25T18:52:44+00:00","dateModified":"2023-12-20T15:43:21+00:00","description":"Apr\u00e8s avoir c\u00f4toyer pendant 10 ans le fondateur d\u2019\u00c9b\u00e9nac, Alain Caron, Jacques et Julien ont repris le flambeau \u00e0 l\u2019\u00e9t\u00e9 2023.","breadcrumb":{"@id":"https:\/\/ebenac.com\/a-propos\/#breadcrumb"},"inLanguage":"en-CA","potentialAction":[{"@type":"ReadAction","target":["https:\/\/ebenac.com\/a-propos\/"]}]},{"@type":"ImageObject","inLanguage":"en-CA","@id":"https:\/\/ebenac.com\/a-propos\/#primaryimage","url":"https:\/\/ebenac.com\/wp-content\/uploads\/2023\/12\/EBENAC-image-sociale-A-propos.jpg","contentUrl":"https:\/\/ebenac.com\/wp-content\/uploads\/2023\/12\/EBENAC-image-sociale-A-propos.jpg","width":1200,"height":675,"caption":"EBENAC - \u00c0 propos"},{"@type":"BreadcrumbList","@id":"https:\/\/ebenac.com\/a-propos\/#breadcrumb","itemListElement":[{"@type":"ListItem","position":1,"name":"Accueil","item":"https:\/\/ebenac.com\/"},{"@type":"ListItem","position":2,"name":"\u00c0 Propos"}]},{"@type":"WebSite","@id":"https:\/\/ebenac.com\/#website","url":"https:\/\/ebenac.com\/","name":"\u00c9B\u00c9NAC","description":"Par \u00e9b\u00e9nisterie J.Cloutier","publisher":{"@id":"https:\/\/ebenac.com\/#organization"},"potentialAction":[{"@type":"SearchAction","target":{"@type":"EntryPoint","urlTemplate":"https:\/\/ebenac.com\/?s={search_term_string}"},"query-input":{"@type":"PropertyValueSpecification","valueRequired":true,"valueName":"search_term_string"}}],"inLanguage":"en-CA"},{"@type":"Organization","@id":"https:\/\/ebenac.com\/#organization","name":"\u00c9B\u00c9NAC par \u00c9b\u00e9nisterie J. Cloutier","alternateName":"\u00c9B\u00c9NAC","url":"https:\/\/ebenac.com\/","logo":{"@type":"ImageObject","inLanguage":"en-CA","@id":"https:\/\/ebenac.com\/#\/schema\/logo\/image\/","url":"https:\/\/ebenac.com\/wp-content\/uploads\/2023\/10\/logo-1x-ebenac.png","contentUrl":"https:\/\/ebenac.com\/wp-content\/uploads\/2023\/10\/logo-1x-ebenac.png","width":276,"height":201,"caption":"\u00c9B\u00c9NAC par \u00c9b\u00e9nisterie J. Cloutier"},"image":{"@id":"https:\/\/ebenac.com\/#\/schema\/logo\/image\/"}}]}},"_links":{"self":[{"href":"https:\/\/ebenac.com\/en\/wp-json\/wp\/v2\/pages\/10","targetHints":{"allow":["GET"]}}],"collection":[{"href":"https:\/\/ebenac.com\/en\/wp-json\/wp\/v2\/pages"}],"about":[{"href":"https:\/\/ebenac.com\/en\/wp-json\/wp\/v2\/types\/page"}],"author":[{"embeddable":true,"href":"https:\/\/ebenac.com\/en\/wp-json\/wp\/v2\/users\/1"}],"replies":[{"embeddable":true,"href":"https:\/\/ebenac.com\/en\/wp-json\/wp\/v2\/comments?post=10"}],"version-history":[{"count":13,"href":"https:\/\/ebenac.com\/en\/wp-json\/wp\/v2\/pages\/10\/revisions"}],"predecessor-version":[{"id":1105,"href":"https:\/\/ebenac.com\/en\/wp-json\/wp\/v2\/pages\/10\/revisions\/1105"}],"wp:featuredmedia":[{"embeddable":true,"href":"https:\/\/ebenac.com\/en\/wp-json\/wp\/v2\/media\/1090"}],"wp:attachment":[{"href":"https:\/\/ebenac.com\/en\/wp-json\/wp\/v2\/media?parent=10"}],"curies":[{"name":"wp","href":"https:\/\/api.w.org\/{rel}","templated":true}]}}